{"id":1116,"date":"2022-09-09T16:27:27","date_gmt":"2022-09-09T16:27:27","guid":{"rendered":"https:\/\/zvapfier.gov.al\/?page_id=1116"},"modified":"2022-09-09T16:27:28","modified_gmt":"2022-09-09T16:27:28","slug":"njoftim-ne-lidhje-me-ankimimet","status":"publish","type":"page","link":"https:\/\/zvapfier.gov.al\/index.php\/njoftim-ne-lidhje-me-ankimimet\/","title":{"rendered":"NJOFTIM N\u00cb LIDHJE ME ANKIMIMET"},"content":{"rendered":"\n<p>Ju b\u00ebjm\u00eb me dije se afati p\u00ebr ankimime \u00ebsht\u00eb deri m\u00eb dat\u00eb 13.09.2022.<\/p>\n\n\n\n<p>Ankimimet duhet t\u00eb d\u00ebrgohen n\u00eb email-in zyrtar t\u00eb Drejtoris\u00eb Rajonale te Arsimit Parauniversitar, Fier (DRAPFier@arsimi.gov.al).&nbsp;<\/p>\n\n\n\n<p>Ankesat pas k\u00ebtij afati nuk do t\u00eb merren n\u00eb konsiderat\u00eb p\u00ebr shqyrtim!<\/p>\n","protected":false},"excerpt":{"rendered":"<p>Ju b\u00ebjm\u00eb me dije se afati p\u00ebr ankimime \u00ebsht\u00eb deri m\u00eb dat\u00eb 13.09.2022. Ankimimet duhet t\u00eb d\u00ebrgohen n\u00eb email-in zyrtar t\u00eb Drejtoris\u00eb Rajonale te Arsimit Parauniversitar, Fier (DRAPFier@arsimi.gov.al).&nbsp; Ankesat pas k\u00ebtij afati&#8230;<\/p>\n","protected":false},"author":2,"featured_media":0,"parent":0,"menu_order":0,"comment_status":"closed","ping_status":"closed","template":"","meta":{"footnotes":""},"class_list":["post-1116","page","type-page","status-publish","hentry"],"yoast_head":"<!-- This site is optimized with the Yoast SEO plugin v26.6 - https:\/\/yoast.com\/wordpress\/plugins\/seo\/ -->\n<title>NJOFTIM N\u00cb LIDHJE ME ANKIMIMET - ZVAP FIER<\/title>\n<meta name=\"robots\" content=\"index, follow, max-snippet:-1, max-image-preview:large, max-video-preview:-1\" \/>\n<link rel=\"canonical\" href=\"https:\/\/zvapfier.gov.al\/index.php\/njoftim-ne-lidhje-me-ankimimet\/\" \/>\n<meta property=\"og:locale\" content=\"en_US\" \/>\n<meta property=\"og:type\" content=\"article\" \/>\n<meta property=\"og:title\" content=\"NJOFTIM N\u00cb LIDHJE ME ANKIMIMET - ZVAP FIER\" \/>\n<meta property=\"og:description\" content=\"Ju b\u00ebjm\u00eb me dije se afati p\u00ebr ankimime \u00ebsht\u00eb deri m\u00eb dat\u00eb 13.09.2022. Ankimimet duhet t\u00eb d\u00ebrgohen n\u00eb email-in zyrtar t\u00eb Drejtoris\u00eb Rajonale te Arsimit Parauniversitar, Fier (DRAPFier@arsimi.gov.al).&nbsp; Ankesat pas k\u00ebtij afati...\" \/>\n<meta property=\"og:url\" content=\"https:\/\/zvapfier.gov.al\/index.php\/njoftim-ne-lidhje-me-ankimimet\/\" \/>\n<meta property=\"og:site_name\" content=\"ZVAP FIER\" \/>\n<meta property=\"article:modified_time\" content=\"2022-09-09T16:27:28+00:00\" \/>\n<meta name=\"twitter:card\" content=\"summary_large_image\" \/>\n<script type=\"application\/ld+json\" class=\"yoast-schema-graph\">{\"@context\":\"https:\/\/schema.org\",\"@graph\":[{\"@type\":\"WebPage\",\"@id\":\"https:\/\/zvapfier.gov.al\/index.php\/njoftim-ne-lidhje-me-ankimimet\/\",\"url\":\"https:\/\/zvapfier.gov.al\/index.php\/njoftim-ne-lidhje-me-ankimimet\/\",\"name\":\"NJOFTIM N\u00cb LIDHJE ME ANKIMIMET - ZVAP FIER\",\"isPartOf\":{\"@id\":\"https:\/\/zvapfier.gov.al\/#website\"},\"datePublished\":\"2022-09-09T16:27:27+00:00\",\"dateModified\":\"2022-09-09T16:27:28+00:00\",\"breadcrumb\":{\"@id\":\"https:\/\/zvapfier.gov.al\/index.php\/njoftim-ne-lidhje-me-ankimimet\/#breadcrumb\"},\"inLanguage\":\"en-US\",\"potentialAction\":[{\"@type\":\"ReadAction\",\"target\":[\"https:\/\/zvapfier.gov.al\/index.php\/njoftim-ne-lidhje-me-ankimimet\/\"]}]},{\"@type\":\"BreadcrumbList\",\"@id\":\"https:\/\/zvapfier.gov.al\/index.php\/njoftim-ne-lidhje-me-ankimimet\/#breadcrumb\",\"itemListElement\":[{\"@type\":\"ListItem\",\"position\":1,\"name\":\"Home\",\"item\":\"https:\/\/zvapfier.gov.al\/\"},{\"@type\":\"ListItem\",\"position\":2,\"name\":\"NJOFTIM N\u00cb LIDHJE ME ANKIMIMET\"}]},{\"@type\":\"WebSite\",\"@id\":\"https:\/\/zvapfier.gov.al\/#website\",\"url\":\"https:\/\/zvapfier.gov.al\/\",\"name\":\"ZVAP FIER\",\"description\":\"Zyra Vendore Arsimore Parauniversitare\",\"potentialAction\":[{\"@type\":\"SearchAction\",\"target\":{\"@type\":\"EntryPoint\",\"urlTemplate\":\"https:\/\/zvapfier.gov.al\/?s={search_term_string}\"},\"query-input\":{\"@type\":\"PropertyValueSpecification\",\"valueRequired\":true,\"valueName\":\"search_term_string\"}}],\"inLanguage\":\"en-US\"}]}<\/script>\n<!-- \/ Yoast SEO plugin. -->","yoast_head_json":{"title":"NJOFTIM N\u00cb LIDHJE ME ANKIMIMET - ZVAP FIER","robots":{"index":"index","follow":"follow","max-snippet":"max-snippet:-1","max-image-preview":"max-image-preview:large","max-video-preview":"max-video-preview:-1"},"canonical":"https:\/\/zvapfier.gov.al\/index.php\/njoftim-ne-lidhje-me-ankimimet\/","og_locale":"en_US","og_type":"article","og_title":"NJOFTIM N\u00cb LIDHJE ME ANKIMIMET - ZVAP FIER","og_description":"Ju b\u00ebjm\u00eb me dije se afati p\u00ebr ankimime \u00ebsht\u00eb deri m\u00eb dat\u00eb 13.09.2022. Ankimimet duhet t\u00eb d\u00ebrgohen n\u00eb email-in zyrtar t\u00eb Drejtoris\u00eb Rajonale te Arsimit Parauniversitar, Fier (DRAPFier@arsimi.gov.al).&nbsp; Ankesat pas k\u00ebtij afati...","og_url":"https:\/\/zvapfier.gov.al\/index.php\/njoftim-ne-lidhje-me-ankimimet\/","og_site_name":"ZVAP FIER","article_modified_time":"2022-09-09T16:27:28+00:00","twitter_card":"summary_large_image","schema":{"@context":"https:\/\/schema.org","@graph":[{"@type":"WebPage","@id":"https:\/\/zvapfier.gov.al\/index.php\/njoftim-ne-lidhje-me-ankimimet\/","url":"https:\/\/zvapfier.gov.al\/index.php\/njoftim-ne-lidhje-me-ankimimet\/","name":"NJOFTIM N\u00cb LIDHJE ME ANKIMIMET - ZVAP FIER","isPartOf":{"@id":"https:\/\/zvapfier.gov.al\/#website"},"datePublished":"2022-09-09T16:27:27+00:00","dateModified":"2022-09-09T16:27:28+00:00","breadcrumb":{"@id":"https:\/\/zvapfier.gov.al\/index.php\/njoftim-ne-lidhje-me-ankimimet\/#breadcrumb"},"inLanguage":"en-US","potentialAction":[{"@type":"ReadAction","target":["https:\/\/zvapfier.gov.al\/index.php\/njoftim-ne-lidhje-me-ankimimet\/"]}]},{"@type":"BreadcrumbList","@id":"https:\/\/zvapfier.gov.al\/index.php\/njoftim-ne-lidhje-me-ankimimet\/#breadcrumb","itemListElement":[{"@type":"ListItem","position":1,"name":"Home","item":"https:\/\/zvapfier.gov.al\/"},{"@type":"ListItem","position":2,"name":"NJOFTIM N\u00cb LIDHJE ME ANKIMIMET"}]},{"@type":"WebSite","@id":"https:\/\/zvapfier.gov.al\/#website","url":"https:\/\/zvapfier.gov.al\/","name":"ZVAP FIER","description":"Zyra Vendore Arsimore Parauniversitare","potentialAction":[{"@type":"SearchAction","target":{"@type":"EntryPoint","urlTemplate":"https:\/\/zvapfier.gov.al\/?s={search_term_string}"},"query-input":{"@type":"PropertyValueSpecification","valueRequired":true,"valueName":"search_term_string"}}],"inLanguage":"en-US"}]}},"_links":{"self":[{"href":"https:\/\/zvapfier.gov.al\/index.php\/wp-json\/wp\/v2\/pages\/1116","targetHints":{"allow":["GET"]}}],"collection":[{"href":"https:\/\/zvapfier.gov.al\/index.php\/wp-json\/wp\/v2\/pages"}],"about":[{"href":"https:\/\/zvapfier.gov.al\/index.php\/wp-json\/wp\/v2\/types\/page"}],"author":[{"embeddable":true,"href":"https:\/\/zvapfier.gov.al\/index.php\/wp-json\/wp\/v2\/users\/2"}],"replies":[{"embeddable":true,"href":"https:\/\/zvapfier.gov.al\/index.php\/wp-json\/wp\/v2\/comments?post=1116"}],"version-history":[{"count":1,"href":"https:\/\/zvapfier.gov.al\/index.php\/wp-json\/wp\/v2\/pages\/1116\/revisions"}],"predecessor-version":[{"id":1117,"href":"https:\/\/zvapfier.gov.al\/index.php\/wp-json\/wp\/v2\/pages\/1116\/revisions\/1117"}],"wp:attachment":[{"href":"https:\/\/zvapfier.gov.al\/index.php\/wp-json\/wp\/v2\/media?parent=1116"}],"curies":[{"name":"wp","href":"https:\/\/api.w.org\/{rel}","templated":true}]}}