{"id":7,"date":"2017-01-26T23:34:34","date_gmt":"2017-01-26T23:34:34","guid":{"rendered":"http:\/\/demo.qodearena.com\/projects\/corpbootwp\/?page_id=7"},"modified":"2025-10-11T12:23:03","modified_gmt":"2025-10-11T12:23:03","slug":"homepage","status":"publish","type":"page","link":"https:\/\/zvapfier.gov.al\/","title":{"rendered":"Kreu"},"content":{"rendered":"<div class=\"wpb-content-wrapper\"><p>[vc_row][vc_column][vc_column_text]\t\t<div class=\"wppsac-wrap wppsac-slick-slider-wrp wppsac-clearfix \" data-conf=\"{&quot;dots&quot;:&quot;true&quot;,&quot;arrows&quot;:&quot;true&quot;,&quot;autoplay&quot;:&quot;true&quot;,&quot;autoplay_interval&quot;:3000,&quot;speed&quot;:&quot;1000&quot;,&quot;rtl&quot;:&quot;false&quot;,&quot;lazyload&quot;:&quot;&quot;}\">\r\n\t\t\t<div id=\"wppsac-post-slider-1\" class=\"wppsac-post-slider-init wppsac-post-slider design-1\">\r\n\t\t\t\t<div class=\"wppsac-post-slides\">\r\n\t<div class=\"wppsac-post-content-position\">\r\n\t\t<div class=\"wppsac-post-content-left wp-medium-8 wpcolumns\">\r\n\t\t\t\t\t\t<div class=\"wppsac-post-categories\"><ul class=\"wppsac-post-categories-list\"><li><a href=\"https:\/\/zvapfier.gov.al\/index.php\/category\/faqe-kryesore-slider\/\">Faqe Kryesore Slider<\/a><\/li><li><a href=\"https:\/\/zvapfier.gov.al\/index.php\/category\/njoftime\/\">Njoftime<\/a><\/li><\/ul><\/div>\r\n\t\t\t\r\n\t\t\t<h2 class=\"wppsac-post-title\">\r\n\t\t\t\t<a href=\"https:\/\/zvapfier.gov.al\/index.php\/2026\/02\/23\/analiza-vjetore-2024-2025-raporti-publik\/\">ANALIZA VJETORE 2024-2025, RAPORTI PUBLIK<\/a>\r\n\t\t\t<\/h2>\r\n\r\n\t\t\t\t\t\t<div class=\"wppsac-post-content\">\r\n\t\t\t\t<div class=\"wppsac-sub-content\">RAPORTI VJETOR 2024-2025<\/div>\r\n\t\t\t\t\r\n\t\t\t\t\t\t\t<\/div>\r\n\t\t\t\t\t<\/div>\r\n\t\t<div class=\"wppsac-post-image-bg\">\r\n\t\t\t<a href=\"https:\/\/zvapfier.gov.al\/index.php\/2026\/02\/23\/analiza-vjetore-2024-2025-raporti-publik\/\">\r\n\t\t\t\t\t\t\t<\/a>\r\n\t\t<\/div>\r\n\t<\/div>\r\n<\/div><div class=\"wppsac-post-slides\">\r\n\t<div class=\"wppsac-post-content-position\">\r\n\t\t<div class=\"wppsac-post-content-left wp-medium-8 wpcolumns\">\r\n\t\t\t\t\t\t<div class=\"wppsac-post-categories\"><ul class=\"wppsac-post-categories-list\"><li><a href=\"https:\/\/zvapfier.gov.al\/index.php\/category\/faqe-kryesore-slider\/\">Faqe Kryesore Slider<\/a><\/li><\/ul><\/div>\r\n\t\t\t\r\n\t\t\t<h2 class=\"wppsac-post-title\">\r\n\t\t\t\t<a href=\"https:\/\/zvapfier.gov.al\/index.php\/2025\/09\/11\/rankimi-i-kandidateve-qe-gjate-aplikimit-ne-portalin-mesues-per-shqiperine-kane-zgjedhur-dhe-opsionin-mesues-ndihmes\/\">Rankimi i kandidat\u00ebve q\u00eb gjat\u00eb aplikimit n\u00eb portalin &#8221;M\u00ebsues p\u00ebr Shqip\u00ebrin\u00eb&#8221; kan\u00eb zgjedhur dhe opsionin m\u00ebsues ndihm\u00ebs<\/a>\r\n\t\t\t<\/h2>\r\n\r\n\t\t\t\t\t\t<div class=\"wppsac-post-content\">\r\n\t\t\t\t<div class=\"wppsac-sub-content\">Rankimi p\u00ebr publikim<\/div>\r\n\t\t\t\t\r\n\t\t\t\t\t\t\t<\/div>\r\n\t\t\t\t\t<\/div>\r\n\t\t<div class=\"wppsac-post-image-bg\">\r\n\t\t\t<a href=\"https:\/\/zvapfier.gov.al\/index.php\/2025\/09\/11\/rankimi-i-kandidateve-qe-gjate-aplikimit-ne-portalin-mesues-per-shqiperine-kane-zgjedhur-dhe-opsionin-mesues-ndihmes\/\">\r\n\t\t\t\t\t\t\t<\/a>\r\n\t\t<\/div>\r\n\t<\/div>\r\n<\/div><div class=\"wppsac-post-slides\">\r\n\t<div class=\"wppsac-post-content-position\">\r\n\t\t<div class=\"wppsac-post-content-left wp-medium-8 wpcolumns\">\r\n\t\t\t\t\t\t<div class=\"wppsac-post-categories\"><ul class=\"wppsac-post-categories-list\"><li><a href=\"https:\/\/zvapfier.gov.al\/index.php\/category\/faqe-kryesore-slider\/\">Faqe Kryesore Slider<\/a><\/li><li><a href=\"https:\/\/zvapfier.gov.al\/index.php\/category\/portali\/\">Portali<\/a><\/li><\/ul><\/div>\r\n\t\t\t\r\n\t\t\t<h2 class=\"wppsac-post-title\">\r\n\t\t\t\t<a href=\"https:\/\/zvapfier.gov.al\/index.php\/2025\/05\/30\/per-procedurat-e-portalit-mesues-per-shqiperine-2025\/\">P\u00ebr procedurat e portalit &#8220;M\u00ebsues p\u00ebr Shqip\u00ebrin\u00eb&#8221; 2025<\/a>\r\n\t\t\t<\/h2>\r\n\r\n\t\t\t\t\t\t<div class=\"wppsac-post-content\">\r\n\t\t\t\t<div class=\"wppsac-sub-content\">N\u00eb zbatim t\u00eb ligjit nr. 69\/2012 \u201cP\u00ebr sistemin arsimor parauniversitar n\u00eb Republik\u00ebn e Shqip\u00ebris\u00eb\u201d, t\u00eb ndryshuar, t\u00eb udh\u00ebzimit nr. 8,...<\/div>\r\n\t\t\t\t\r\n\t\t\t\t\t\t\t<\/div>\r\n\t\t\t\t\t<\/div>\r\n\t\t<div class=\"wppsac-post-image-bg\">\r\n\t\t\t<a href=\"https:\/\/zvapfier.gov.al\/index.php\/2025\/05\/30\/per-procedurat-e-portalit-mesues-per-shqiperine-2025\/\">\r\n\t\t\t\t\t\t\t<\/a>\r\n\t\t<\/div>\r\n\t<\/div>\r\n<\/div><div class=\"wppsac-post-slides\">\r\n\t<div class=\"wppsac-post-content-position\">\r\n\t\t<div class=\"wppsac-post-content-left wp-medium-8 wpcolumns\">\r\n\t\t\t\t\t\t<div class=\"wppsac-post-categories\"><ul class=\"wppsac-post-categories-list\"><li><a href=\"https:\/\/zvapfier.gov.al\/index.php\/category\/faqe-kryesore-slider\/\">Faqe Kryesore Slider<\/a><\/li><li><a href=\"https:\/\/zvapfier.gov.al\/index.php\/category\/njoftime\/\">Njoftime<\/a><\/li><\/ul><\/div>\r\n\t\t\t\r\n\t\t\t<h2 class=\"wppsac-post-title\">\r\n\t\t\t\t<a href=\"https:\/\/zvapfier.gov.al\/index.php\/2025\/02\/07\/analiza-vjetore-zvap-fier-2023-2024-raporti-publik\/\">ANALIZA VJETORE ZVAP FIER 2023-2024, RAPORTI PUBLIK<\/a>\r\n\t\t\t<\/h2>\r\n\r\n\t\t\t\t\t\t<div class=\"wppsac-post-content\">\r\n\t\t\t\t<div class=\"wppsac-sub-content\">analiza vjetore 2024<\/div>\r\n\t\t\t\t\r\n\t\t\t\t\t\t\t<\/div>\r\n\t\t\t\t\t<\/div>\r\n\t\t<div class=\"wppsac-post-image-bg\">\r\n\t\t\t<a href=\"https:\/\/zvapfier.gov.al\/index.php\/2025\/02\/07\/analiza-vjetore-zvap-fier-2023-2024-raporti-publik\/\">\r\n\t\t\t\t\t\t\t<\/a>\r\n\t\t<\/div>\r\n\t<\/div>\r\n<\/div><div class=\"wppsac-post-slides\">\r\n\t<div class=\"wppsac-post-content-position\">\r\n\t\t<div class=\"wppsac-post-content-left wp-medium-8 wpcolumns\">\r\n\t\t\t\t\t\t<div class=\"wppsac-post-categories\"><ul class=\"wppsac-post-categories-list\"><li><a href=\"https:\/\/zvapfier.gov.al\/index.php\/category\/faqe-kryesore-slider\/\">Faqe Kryesore Slider<\/a><\/li><\/ul><\/div>\r\n\t\t\t\r\n\t\t\t<h2 class=\"wppsac-post-title\">\r\n\t\t\t\t<a href=\"https:\/\/zvapfier.gov.al\/index.php\/2024\/10\/04\/lista-perfundimtare-e-kandidateve-te-renditur-sipas-pikeve-ne-portalin-mesues-per-shqiperine-2024-zvap-fier\/\">Lista p\u00ebrfundimtare e kandidat\u00ebve t\u00eb renditur sipas pik\u00ebve n\u00eb Portalin \u201cM\u00ebsues p\u00ebr Shqip\u00ebrin\u00eb\u201d 2024, ZVAP Fier<\/a>\r\n\t\t\t<\/h2>\r\n\r\n\t\t\t\t\t\t<div class=\"wppsac-post-content\">\r\n\t\t\t\t<div class=\"wppsac-sub-content\">N\u00eb zbatim t\u00eb udh\u00ebzimit nr. 8, dat\u00eb 3.5.2024&nbsp;\u201cP\u00ebr procedurat e pranimit, t\u00eb pezullimit dhe t\u00eb largimit t\u00eb m\u00ebsuesit nga nj\u00eb...<\/div>\r\n\t\t\t\t\r\n\t\t\t\t\t\t\t<\/div>\r\n\t\t\t\t\t<\/div>\r\n\t\t<div class=\"wppsac-post-image-bg\">\r\n\t\t\t<a href=\"https:\/\/zvapfier.gov.al\/index.php\/2024\/10\/04\/lista-perfundimtare-e-kandidateve-te-renditur-sipas-pikeve-ne-portalin-mesues-per-shqiperine-2024-zvap-fier\/\">\r\n\t\t\t\t\t\t\t<\/a>\r\n\t\t<\/div>\r\n\t<\/div>\r\n<\/div><div class=\"wppsac-post-slides\">\r\n\t<div class=\"wppsac-post-content-position\">\r\n\t\t<div class=\"wppsac-post-content-left wp-medium-8 wpcolumns\">\r\n\t\t\t\t\t\t<div class=\"wppsac-post-categories\"><ul class=\"wppsac-post-categories-list\"><li><a href=\"https:\/\/zvapfier.gov.al\/index.php\/category\/faqe-kryesore-slider\/\">Faqe Kryesore Slider<\/a><\/li><\/ul><\/div>\r\n\t\t\t\r\n\t\t\t<h2 class=\"wppsac-post-title\">\r\n\t\t\t\t<a href=\"https:\/\/zvapfier.gov.al\/index.php\/2024\/09\/30\/lista-e-kandidateve-te-renditur-sipas-pikeve-ne-portalin-mesues-per-shqiperine-2024\/\">LISTA E KANDIDAT\u00cbVE T\u00cb RENDITUR SIPAS PIK\u00cbVE N\u00cb PORTALIN \u201cM\u00cbSUES P\u00cbR SHQIP\u00cbRIN\u00cb\u201d 2024<\/a>\r\n\t\t\t<\/h2>\r\n\r\n\t\t\t\t\t\t<div class=\"wppsac-post-content\">\r\n\t\t\t\t<div class=\"wppsac-sub-content\">N\u00eb \u00a0zbatim t\u00eb\u00a0 udh\u00ebzimit nr. 8, dat\u00eb 3.5.2024\u00a0\u201cP\u00ebr procedurat e pranimit, t\u00eb pezullimit dhe t\u00eb largimit t\u00eb m\u00ebsuesit nga nj\u00eb...<\/div>\r\n\t\t\t\t\r\n\t\t\t\t\t\t\t<\/div>\r\n\t\t\t\t\t<\/div>\r\n\t\t<div class=\"wppsac-post-image-bg\">\r\n\t\t\t<a href=\"https:\/\/zvapfier.gov.al\/index.php\/2024\/09\/30\/lista-e-kandidateve-te-renditur-sipas-pikeve-ne-portalin-mesues-per-shqiperine-2024\/\">\r\n\t\t\t\t\t\t\t<\/a>\r\n\t\t<\/div>\r\n\t<\/div>\r\n<\/div><div class=\"wppsac-post-slides\">\r\n\t<div class=\"wppsac-post-content-position\">\r\n\t\t<div class=\"wppsac-post-content-left wp-medium-8 wpcolumns\">\r\n\t\t\t\t\t\t<div class=\"wppsac-post-categories\"><ul class=\"wppsac-post-categories-list\"><li><a href=\"https:\/\/zvapfier.gov.al\/index.php\/category\/faqe-kryesore-slider\/\">Faqe Kryesore Slider<\/a><\/li><li><a href=\"https:\/\/zvapfier.gov.al\/index.php\/category\/njoftime\/\">Njoftime<\/a><\/li><li><a href=\"https:\/\/zvapfier.gov.al\/index.php\/category\/portali\/\">Portali<\/a><\/li><\/ul><\/div>\r\n\t\t\t\r\n\t\t\t<h2 class=\"wppsac-post-title\">\r\n\t\t\t\t<a href=\"https:\/\/zvapfier.gov.al\/index.php\/2024\/07\/04\/njoftim-per-fillimin-e-procedurave-te-konkurrimit-mesues-per-shqiperine-2024\/\">NJOFTIM P\u00cbR FILLIMIN E PROCEDURAVE T\u00cb KONKURRIMIT \u201cM\u00cbSUES P\u00cbR SHQIP\u00cbRIN\u00cb\u201d 2024<\/a>\r\n\t\t\t<\/h2>\r\n\r\n\t\t\t\t\t\t<div class=\"wppsac-post-content\">\r\n\t\t\t\t<div class=\"wppsac-sub-content\">N\u00eb zbatim t\u00eb ligjit nr. 69\/2012 \u201cP\u00ebr sistemin arsimor parauniversitar n\u00eb Republik\u00ebn e Shqip\u00ebris\u00eb\u201d, t\u00eb ndryshuar, t\u00eb udh\u00ebzimit nr. 8,...<\/div>\r\n\t\t\t\t\r\n\t\t\t\t\t\t\t<\/div>\r\n\t\t\t\t\t<\/div>\r\n\t\t<div class=\"wppsac-post-image-bg\">\r\n\t\t\t<a href=\"https:\/\/zvapfier.gov.al\/index.php\/2024\/07\/04\/njoftim-per-fillimin-e-procedurave-te-konkurrimit-mesues-per-shqiperine-2024\/\">\r\n\t\t\t\t\t\t\t<\/a>\r\n\t\t<\/div>\r\n\t<\/div>\r\n<\/div><div class=\"wppsac-post-slides\">\r\n\t<div class=\"wppsac-post-content-position\">\r\n\t\t<div class=\"wppsac-post-content-left wp-medium-8 wpcolumns\">\r\n\t\t\t\t\t\t<div class=\"wppsac-post-categories\"><ul class=\"wppsac-post-categories-list\"><li><a href=\"https:\/\/zvapfier.gov.al\/index.php\/category\/faqe-kryesore-slider\/\">Faqe Kryesore Slider<\/a><\/li><li><a href=\"https:\/\/zvapfier.gov.al\/index.php\/category\/njoftime\/\">Njoftime<\/a><\/li><\/ul><\/div>\r\n\t\t\t\r\n\t\t\t<h2 class=\"wppsac-post-title\">\r\n\t\t\t\t<a href=\"https:\/\/zvapfier.gov.al\/index.php\/2024\/02\/02\/analiza-vjetore-e-zvap-fier-2022-2023\/\">ANALIZA VJETORE E ZVAP FIER 2022-2023<\/a>\r\n\t\t\t<\/h2>\r\n\r\n\t\t\t\t\t\t<div class=\"wppsac-post-content\">\r\n\t\t\t\t<div class=\"wppsac-sub-content\">Analiza-2022Download<\/div>\r\n\t\t\t\t\r\n\t\t\t\t\t\t\t<\/div>\r\n\t\t\t\t\t<\/div>\r\n\t\t<div class=\"wppsac-post-image-bg\">\r\n\t\t\t<a href=\"https:\/\/zvapfier.gov.al\/index.php\/2024\/02\/02\/analiza-vjetore-e-zvap-fier-2022-2023\/\">\r\n\t\t\t\t\t\t\t<\/a>\r\n\t\t<\/div>\r\n\t<\/div>\r\n<\/div><div class=\"wppsac-post-slides\">\r\n\t<div class=\"wppsac-post-content-position\">\r\n\t\t<div class=\"wppsac-post-content-left wp-medium-8 wpcolumns\">\r\n\t\t\t\t\t\t<div class=\"wppsac-post-categories\"><ul class=\"wppsac-post-categories-list\"><li><a href=\"https:\/\/zvapfier.gov.al\/index.php\/category\/faqe-kryesore-slider\/\">Faqe Kryesore Slider<\/a><\/li><li><a href=\"https:\/\/zvapfier.gov.al\/index.php\/category\/njoftime\/\">Njoftime<\/a><\/li><li><a href=\"https:\/\/zvapfier.gov.al\/index.php\/category\/portali\/\">Portali<\/a><\/li><\/ul><\/div>\r\n\t\t\t\r\n\t\t\t<h2 class=\"wppsac-post-title\">\r\n\t\t\t\t<a href=\"https:\/\/zvapfier.gov.al\/index.php\/2023\/09\/09\/rezultatet-e-portalit-mesues-per-shqiperine-2023-zvap-fier\/\">Rezultatet e portalit &#8221;M\u00ebsues p\u00ebr Shqip\u00ebrin\u00eb&#8221; 2023 ZVAP Fier<\/a>\r\n\t\t\t<\/h2>\r\n\r\n\t\t\t\t\t\t<div class=\"wppsac-post-content\">\r\n\t\t\t\t<div class=\"wppsac-sub-content\">Rezultatet-Portal-2023-ZVAP-Fier<\/div>\r\n\t\t\t\t\r\n\t\t\t\t\t\t\t<\/div>\r\n\t\t\t\t\t<\/div>\r\n\t\t<div class=\"wppsac-post-image-bg\">\r\n\t\t\t<a href=\"https:\/\/zvapfier.gov.al\/index.php\/2023\/09\/09\/rezultatet-e-portalit-mesues-per-shqiperine-2023-zvap-fier\/\">\r\n\t\t\t\t\t\t\t<\/a>\r\n\t\t<\/div>\r\n\t<\/div>\r\n<\/div><div class=\"wppsac-post-slides\">\r\n\t<div class=\"wppsac-post-content-position\">\r\n\t\t<div class=\"wppsac-post-content-left wp-medium-8 wpcolumns\">\r\n\t\t\t\t\t\t<div class=\"wppsac-post-categories\"><ul class=\"wppsac-post-categories-list\"><li><a href=\"https:\/\/zvapfier.gov.al\/index.php\/category\/faqe-kryesore-slider\/\">Faqe Kryesore Slider<\/a><\/li><\/ul><\/div>\r\n\t\t\t\r\n\t\t\t<h2 class=\"wppsac-post-title\">\r\n\t\t\t\t<a href=\"https:\/\/zvapfier.gov.al\/index.php\/2023\/02\/15\/analiza-vjetore-e-zvap-fier-2021-2022\/\">ANALIZA VJETORE E ZVAP FIER 2021-2022<\/a>\r\n\t\t\t<\/h2>\r\n\r\n\t\t\t\t\t\t<div class=\"wppsac-post-content\">\r\n\t\t\t\t<div class=\"wppsac-sub-content\">Analiza-2022-e-saktesuar<\/div>\r\n\t\t\t\t\r\n\t\t\t\t\t\t\t<\/div>\r\n\t\t\t\t\t<\/div>\r\n\t\t<div class=\"wppsac-post-image-bg\">\r\n\t\t\t<a href=\"https:\/\/zvapfier.gov.al\/index.php\/2023\/02\/15\/analiza-vjetore-e-zvap-fier-2021-2022\/\">\r\n\t\t\t\t\t\t\t<\/a>\r\n\t\t<\/div>\r\n\t<\/div>\r\n<\/div>\t\t\t<\/div>\r\n\t\t<\/div>\r\n\t[\/vc_column_text][\/vc_column][\/vc_row][vc_row full_width=&#8221;stretch_row&#8221; large_desctop_pt=&#8221;padding-lg-60t&#8221; large_desctop_pb=&#8221;padding-lg-60b&#8221; desctop_pt=&#8221;padding-md-60t&#8221; desctop_pb=&#8221;padding-md-60b&#8221; tablets_pt=&#8221;padding-sm-60t&#8221; tablets_pb=&#8221;padding-sm-60b&#8221; mobile_pt=&#8221;padding-xs-60t&#8221; mobile_pb=&#8221;padding-xs-60b&#8221; css=&#8221;.vc_custom_1610367462349{background-color: rgba(69,90,100,0.06) !important;*background-color: rgb(69,90,100) !important;}&#8221; el_id=&#8221;aktivitete&#8221;][vc_column css=&#8221;.vc_custom_1485767740199{padding-top: 0px !important;}&#8221;][corpboot_title_block title=&#8221;AKTIVITETE&#8221;][corpboot_blog categories=&#8221;njoftime&#8221; limit=&#8221;5&#8243;][\/vc_column][\/vc_row][vc_row full_width=&#8221;stretch_row&#8221; large_desctop_pt=&#8221;padding-lg-60t&#8221; large_desctop_pb=&#8221;padding-lg-60b&#8221; desctop_pt=&#8221;padding-md-60t&#8221; desctop_pb=&#8221;padding-md-60b&#8221; tablets_pt=&#8221;padding-sm-60t&#8221; tablets_pb=&#8221;padding-sm-60b&#8221; mobile_pt=&#8221;padding-xs-60t&#8221; mobile_pb=&#8221;padding-xs-60b&#8221;][vc_column][corpboot_title_block title_align=&#8221;title-r&#8221; title=&#8221;MULTIMEDIA&#8221;][corpboot_clients autoplay=&#8221;yes&#8221; speed=&#8221;3000&#8243; slides=&#8221;3&#8243; items=&#8221;%5B%7B%22image%22%3A%22493%22%2C%22logo_link%22%3A%22url%3A%2523%7C%7C%7C%22%7D%2C%7B%22image%22%3A%22494%22%2C%22logo_link%22%3A%22url%3A%2523%7C%7C%7C%22%7D%2C%7B%22image%22%3A%22495%22%2C%22logo_link%22%3A%22url%3A%2523%7C%7C%7C%22%7D%2C%7B%22image%22%3A%22496%22%2C%22logo_link%22%3A%22url%3A%2523%7C%7C%7C%22%7D%2C%7B%22image%22%3A%22617%22%7D%2C%7B%22image%22%3A%22618%22%7D%2C%7B%22image%22%3A%22619%22%7D%2C%7B%22image%22%3A%22620%22%7D%2C%7B%22image%22%3A%22621%22%7D%2C%7B%22image%22%3A%22622%22%7D%2C%7B%22image%22%3A%22623%22%7D%2C%7B%22image%22%3A%22624%22%7D%2C%7B%22image%22%3A%22625%22%7D%2C%7B%22image%22%3A%22626%22%7D%2C%7B%22image%22%3A%22627%22%7D%2C%7B%22image%22%3A%22628%22%7D%2C%7B%22image%22%3A%22629%22%7D%2C%7B%22image%22%3A%22630%22%7D%2C%7B%22image%22%3A%22631%22%7D%2C%7B%22image%22%3A%22632%22%7D%2C%7B%22image%22%3A%22633%22%7D%5D&#8221;][\/vc_column][\/vc_row][vc_row][vc_column][vc_column_text]<a href=\"http:\/\/www.ohs-spca.org\/\" style=\"color: transparent;\">deneme bonusu<\/a><br \/>\n<a href=\"http:\/\/www.pbjcampaign.org\/\" style=\"color: transparent;\">deneme bonusu veren siteler<\/a><br \/>\n<a href=\"hhttp:\/\/www.pbjcampaign.org\/\" style=\"color: transparent;\">dede oyunu<\/a><br \/>\n<a href=\"http:\/\/www.rottodigital.com\/\" style=\"color: transparent;\">http:\/\/www.rottodigital.com\/<\/a><br \/>\n<a href=\"https:\/\/www.katipler.org\/\" style=\"color: transparent;\">slot siteleri<\/a><br \/>\n<a href=\"http:\/\/www.carnaval-biarnes.com\/\" style=\"color: transparent;\">kumar siteleri<\/a><br \/>\n<a href=\"http:\/\/www.ramadaistanbulasia.com\/\" style=\"color: transparent;\">kumar<\/a><br \/>\n<a href=\"http:\/\/www.kutxasarrerak.net\/\" style=\"color: transparent;\">canl\u0131 bahis siteleri<\/a><br \/>\n<a href=\"https:\/\/jetxoyna.net\/\" style=\"color: transparent;\">jetx<\/a><br \/>\n<a href=\"https:\/\/plinkooyna.net\/\" style=\"color: transparent;\">plinko oyna<\/a>[\/vc_column_text][\/vc_column][\/vc_row]<\/p>\n<\/div>","protected":false},"excerpt":{"rendered":"<p>[vc_row][vc_column][vc_column_text][\/vc_column_text][\/vc_column][\/vc_row][vc_row full_width=&#8221;stretch_row&#8221; large_desctop_pt=&#8221;padding-lg-60t&#8221; large_desctop_pb=&#8221;padding-lg-60b&#8221; desctop_pt=&#8221;padding-md-60t&#8221; desctop_pb=&#8221;padding-md-60b&#8221; tablets_pt=&#8221;padding-sm-60t&#8221; tablets_pb=&#8221;padding-sm-60b&#8221; mobile_pt=&#8221;padding-xs-60t&#8221; mobile_pb=&#8221;padding-xs-60b&#8221; css=&#8221;.vc_custom_1610367462349{background-color: rgba(69,90,100,0.06) !important;*background-color: rgb(69,90,100) !important;}&#8221; el_id=&#8221;aktivitete&#8221;][vc_column css=&#8221;.vc_custom_1485767740199{padding-top: 0px !important;}&#8221;][corpboot_title_block title=&#8221;AKTIVITETE&#8221;][corpboot_blog categories=&#8221;njoftime&#8221; limit=&#8221;5&#8243;][\/vc_column][\/vc_row][vc_row full_width=&#8221;stretch_row&#8221; large_desctop_pt=&#8221;padding-lg-60t&#8221; large_desctop_pb=&#8221;padding-lg-60b&#8221; desctop_pt=&#8221;padding-md-60t&#8221; desctop_pb=&#8221;padding-md-60b&#8221; tablets_pt=&#8221;padding-sm-60t&#8221; tablets_pb=&#8221;padding-sm-60b&#8221; mobile_pt=&#8221;padding-xs-60t&#8221; mobile_pb=&#8221;padding-xs-60b&#8221;][vc_column][corpboot_title_block title_align=&#8221;title-r&#8221;&#8230;<\/p>\n","protected":false},"author":8,"featured_media":0,"parent":0,"menu_order":0,"comment_status":"closed","ping_status":"closed","template":"","meta":{"footnotes":""},"class_list":["post-7","page","type-page","status-publish","hentry"],"yoast_head":"<!-- This site is optimized with the Yoast SEO plugin v26.6 - https:\/\/yoast.com\/wordpress\/plugins\/seo\/ -->\n<title>Kreu - ZVAP FIER<\/title>\n<meta name=\"robots\" content=\"index, follow, max-snippet:-1, max-image-preview:large, max-video-preview:-1\" \/>\n<link rel=\"canonical\" href=\"https:\/\/zvapfier.gov.al\/\" \/>\n<meta property=\"og:locale\" content=\"en_US\" \/>\n<meta property=\"og:type\" content=\"article\" \/>\n<meta property=\"og:title\" content=\"Kreu - ZVAP FIER\" \/>\n<meta property=\"og:description\" content=\"[vc_row][vc_column][vc_column_text][\/vc_column_text][\/vc_column][\/vc_row][vc_row full_width=&#8221;stretch_row&#8221; large_desctop_pt=&#8221;padding-lg-60t&#8221; large_desctop_pb=&#8221;padding-lg-60b&#8221; desctop_pt=&#8221;padding-md-60t&#8221; desctop_pb=&#8221;padding-md-60b&#8221; tablets_pt=&#8221;padding-sm-60t&#8221; tablets_pb=&#8221;padding-sm-60b&#8221; mobile_pt=&#8221;padding-xs-60t&#8221; mobile_pb=&#8221;padding-xs-60b&#8221; css=&#8221;.vc_custom_1610367462349{background-color: rgba(69,90,100,0.06) !important;*background-color: rgb(69,90,100) !important;}&#8221; el_id=&#8221;aktivitete&#8221;][vc_column css=&#8221;.vc_custom_1485767740199{padding-top: 0px !important;}&#8221;][corpboot_title_block title=&#8221;AKTIVITETE&#8221;][corpboot_blog categories=&#8221;njoftime&#8221; limit=&#8221;5&#8243;][\/vc_column][\/vc_row][vc_row full_width=&#8221;stretch_row&#8221; large_desctop_pt=&#8221;padding-lg-60t&#8221; large_desctop_pb=&#8221;padding-lg-60b&#8221; desctop_pt=&#8221;padding-md-60t&#8221; desctop_pb=&#8221;padding-md-60b&#8221; tablets_pt=&#8221;padding-sm-60t&#8221; tablets_pb=&#8221;padding-sm-60b&#8221; mobile_pt=&#8221;padding-xs-60t&#8221; mobile_pb=&#8221;padding-xs-60b&#8221;][vc_column][corpboot_title_block title_align=&#8221;title-r&#8221;...\" \/>\n<meta property=\"og:url\" content=\"https:\/\/zvapfier.gov.al\/\" \/>\n<meta property=\"og:site_name\" content=\"ZVAP FIER\" \/>\n<meta property=\"article:modified_time\" content=\"2025-10-11T12:23:03+00:00\" \/>\n<meta name=\"twitter:card\" content=\"summary_large_image\" \/>\n<meta name=\"twitter:label1\" content=\"Est. reading time\" \/>\n\t<meta name=\"twitter:data1\" content=\"1 minute\" \/>\n<script type=\"application\/ld+json\" class=\"yoast-schema-graph\">{\"@context\":\"https:\/\/schema.org\",\"@graph\":[{\"@type\":\"WebPage\",\"@id\":\"https:\/\/zvapfier.gov.al\/\",\"url\":\"https:\/\/zvapfier.gov.al\/\",\"name\":\"Kreu - ZVAP FIER\",\"isPartOf\":{\"@id\":\"https:\/\/zvapfier.gov.al\/#website\"},\"datePublished\":\"2017-01-26T23:34:34+00:00\",\"dateModified\":\"2025-10-11T12:23:03+00:00\",\"breadcrumb\":{\"@id\":\"https:\/\/zvapfier.gov.al\/#breadcrumb\"},\"inLanguage\":\"en-US\",\"potentialAction\":[{\"@type\":\"ReadAction\",\"target\":[\"https:\/\/zvapfier.gov.al\/\"]}]},{\"@type\":\"BreadcrumbList\",\"@id\":\"https:\/\/zvapfier.gov.al\/#breadcrumb\",\"itemListElement\":[{\"@type\":\"ListItem\",\"position\":1,\"name\":\"Home\",\"item\":\"https:\/\/zvapfier.gov.al\/\"},{\"@type\":\"ListItem\",\"position\":2,\"name\":\"Kreu\"}]},{\"@type\":\"WebSite\",\"@id\":\"https:\/\/zvapfier.gov.al\/#website\",\"url\":\"https:\/\/zvapfier.gov.al\/\",\"name\":\"ZVAP FIER\",\"description\":\"Zyra Vendore Arsimore Parauniversitare\",\"potentialAction\":[{\"@type\":\"SearchAction\",\"target\":{\"@type\":\"EntryPoint\",\"urlTemplate\":\"https:\/\/zvapfier.gov.al\/?s={search_term_string}\"},\"query-input\":{\"@type\":\"PropertyValueSpecification\",\"valueRequired\":true,\"valueName\":\"search_term_string\"}}],\"inLanguage\":\"en-US\"}]}<\/script>\n<!-- \/ Yoast SEO plugin. -->","yoast_head_json":{"title":"Kreu - ZVAP FIER","robots":{"index":"index","follow":"follow","max-snippet":"max-snippet:-1","max-image-preview":"max-image-preview:large","max-video-preview":"max-video-preview:-1"},"canonical":"https:\/\/zvapfier.gov.al\/","og_locale":"en_US","og_type":"article","og_title":"Kreu - ZVAP FIER","og_description":"[vc_row][vc_column][vc_column_text][\/vc_column_text][\/vc_column][\/vc_row][vc_row full_width=&#8221;stretch_row&#8221; large_desctop_pt=&#8221;padding-lg-60t&#8221; large_desctop_pb=&#8221;padding-lg-60b&#8221; desctop_pt=&#8221;padding-md-60t&#8221; desctop_pb=&#8221;padding-md-60b&#8221; tablets_pt=&#8221;padding-sm-60t&#8221; tablets_pb=&#8221;padding-sm-60b&#8221; mobile_pt=&#8221;padding-xs-60t&#8221; mobile_pb=&#8221;padding-xs-60b&#8221; css=&#8221;.vc_custom_1610367462349{background-color: rgba(69,90,100,0.06) !important;*background-color: rgb(69,90,100) !important;}&#8221; el_id=&#8221;aktivitete&#8221;][vc_column css=&#8221;.vc_custom_1485767740199{padding-top: 0px !important;}&#8221;][corpboot_title_block title=&#8221;AKTIVITETE&#8221;][corpboot_blog categories=&#8221;njoftime&#8221; limit=&#8221;5&#8243;][\/vc_column][\/vc_row][vc_row full_width=&#8221;stretch_row&#8221; large_desctop_pt=&#8221;padding-lg-60t&#8221; large_desctop_pb=&#8221;padding-lg-60b&#8221; desctop_pt=&#8221;padding-md-60t&#8221; desctop_pb=&#8221;padding-md-60b&#8221; tablets_pt=&#8221;padding-sm-60t&#8221; tablets_pb=&#8221;padding-sm-60b&#8221; mobile_pt=&#8221;padding-xs-60t&#8221; mobile_pb=&#8221;padding-xs-60b&#8221;][vc_column][corpboot_title_block title_align=&#8221;title-r&#8221;...","og_url":"https:\/\/zvapfier.gov.al\/","og_site_name":"ZVAP FIER","article_modified_time":"2025-10-11T12:23:03+00:00","twitter_card":"summary_large_image","twitter_misc":{"Est. reading time":"1 minute"},"schema":{"@context":"https:\/\/schema.org","@graph":[{"@type":"WebPage","@id":"https:\/\/zvapfier.gov.al\/","url":"https:\/\/zvapfier.gov.al\/","name":"Kreu - ZVAP FIER","isPartOf":{"@id":"https:\/\/zvapfier.gov.al\/#website"},"datePublished":"2017-01-26T23:34:34+00:00","dateModified":"2025-10-11T12:23:03+00:00","breadcrumb":{"@id":"https:\/\/zvapfier.gov.al\/#breadcrumb"},"inLanguage":"en-US","potentialAction":[{"@type":"ReadAction","target":["https:\/\/zvapfier.gov.al\/"]}]},{"@type":"BreadcrumbList","@id":"https:\/\/zvapfier.gov.al\/#breadcrumb","itemListElement":[{"@type":"ListItem","position":1,"name":"Home","item":"https:\/\/zvapfier.gov.al\/"},{"@type":"ListItem","position":2,"name":"Kreu"}]},{"@type":"WebSite","@id":"https:\/\/zvapfier.gov.al\/#website","url":"https:\/\/zvapfier.gov.al\/","name":"ZVAP FIER","description":"Zyra Vendore Arsimore Parauniversitare","potentialAction":[{"@type":"SearchAction","target":{"@type":"EntryPoint","urlTemplate":"https:\/\/zvapfier.gov.al\/?s={search_term_string}"},"query-input":{"@type":"PropertyValueSpecification","valueRequired":true,"valueName":"search_term_string"}}],"inLanguage":"en-US"}]}},"_links":{"self":[{"href":"https:\/\/zvapfier.gov.al\/index.php\/wp-json\/wp\/v2\/pages\/7","targetHints":{"allow":["GET"]}}],"collection":[{"href":"https:\/\/zvapfier.gov.al\/index.php\/wp-json\/wp\/v2\/pages"}],"about":[{"href":"https:\/\/zvapfier.gov.al\/index.php\/wp-json\/wp\/v2\/types\/page"}],"author":[{"embeddable":true,"href":"https:\/\/zvapfier.gov.al\/index.php\/wp-json\/wp\/v2\/users\/8"}],"replies":[{"embeddable":true,"href":"https:\/\/zvapfier.gov.al\/index.php\/wp-json\/wp\/v2\/comments?post=7"}],"version-history":[{"count":25,"href":"https:\/\/zvapfier.gov.al\/index.php\/wp-json\/wp\/v2\/pages\/7\/revisions"}],"predecessor-version":[{"id":5934,"href":"https:\/\/zvapfier.gov.al\/index.php\/wp-json\/wp\/v2\/pages\/7\/revisions\/5934"}],"wp:attachment":[{"href":"https:\/\/zvapfier.gov.al\/index.php\/wp-json\/wp\/v2\/media?parent=7"}],"curies":[{"name":"wp","href":"https:\/\/api.w.org\/{rel}","templated":true}]}}